{"id":951,"date":"2025-09-19T09:46:11","date_gmt":"2025-09-19T07:46:11","guid":{"rendered":"https:\/\/utefugl.no\/produkt\/solsikkefro-hvit\/"},"modified":"2026-01-27T09:49:27","modified_gmt":"2026-01-27T08:49:27","slug":"solsikkefro-hvit","status":"publish","type":"product","link":"https:\/\/utefugl.no\/en\/product\/solsikkefro-hvit\/","title":{"rendered":"Sunflower Seeds White"},"content":{"rendered":"<h2>Sunflower Seeds White<\/h2>\n<p><strong>Sunflower Seeds White<\/strong> er en utmerket n\u00e6ringskilde for fugler, spesielt popul\u00e6re blant papeg\u00f8yer. Disse fr\u00f8ene er kjent for sin h\u00f8ye n\u00e6ringsverdi og kan brukes som en del av en balansert f\u00f4rblanding, eller de kan serveres alene som en delikatesse. Solsikkefr\u00f8ene er rene og kan lett integreres i egne f\u00f4rblandinger for \u00e5 forbedre eller tilpasse n\u00e6ringssammensetningen.<\/p>\n<p>En av fordelene med hvite solsikkefr\u00f8 er at de gir et energirikt kosttilskudd til fugler, samtidig som de bidrar med viktige n\u00e6ringsstoffer som protein, fett, fiber, vitaminer og mineraler. Fugler, spesielt papeg\u00f8yer, elsker smaken og velger ofte disse fr\u00f8ene f\u00f8rst i en blanding.<\/p>\n<p><strong>Fordeler med Hvit Solsikke:<\/strong><\/p>\n<ul>\n<li><strong>H\u00f8y n\u00e6ringsverdi:<\/strong> Gir fuglene essensielle n\u00e6ringsstoffer som protein, fett, fiber, vitaminer og mineraler.<\/li>\n<li><strong>Variasjonsmulighet:<\/strong> Fr\u00f8ene kan ogs\u00e5 groes for \u00e5 gi fuglene en ny smakserfaring.<\/li>\n<li><strong>Enkel dyrking:<\/strong> Solsikkefr\u00f8ene spirer raskt, vanligvis innen 5\u20137 dager, og kan dyrkes innend\u00f8rs i solrike forhold.<\/li>\n<\/ul>\n<p>Disse solsikkefr\u00f8ene er en utmerket m\u00e5te \u00e5 berike fuglenes diett p\u00e5, men de b\u00f8r ikke v\u00e6re den eneste n\u00e6ringskilden. Ved \u00e5 kombinere hvit solsikke med andre fr\u00f8 og f\u00f4rtyper, kan du sikre en balansert og variert diett for fuglene dine.<\/p>\n<p>N\u00e6ringsverdi per 100G: Energi 2485kJ\/594kcal, Protein 23g, Fett ,5g, mettende fettsyrer 5,2g, Kolhydrater 1 3g, Fibrer 6g, C-vitamin 3mg, D-vitamin 0mcg, Folat 6Omcg, Jern 6,8mg, Zink 5,1mg, Kalsium 116mg.<\/p>","protected":false},"excerpt":{"rendered":"<h3>Sunflower Seeds White<\/h3>\n<ul>\n<li>Tillegsf\u00f2r til utefugler<\/li>\n<li>Alle meisene, finkene og spurvene spiser solsikke<\/li>\n<li>Usaltet solsikke<\/li>\n<li>Veldig attraktivt som tilleggsor til st\u00f8rre burfugler som parakitter og papeg\u00f8yer<\/li>\n<\/ul>","protected":false},"featured_media":2358,"template":"","meta":{"content-type":"","_uf_show_specific_survey":0,"_uf_disable_surveys":false,"_monsterinsights_skip_tracking":false,"_monsterinsights_sitenote_active":false,"_monsterinsights_sitenote_note":"","_monsterinsights_sitenote_category":0},"pwb-brand":[72],"product_brand":[],"product_cat":[84,25,22,23],"product_tag":[174],"class_list":{"0":"post-951","1":"product","2":"type-product","3":"status-publish","4":"has-post-thumbnail","6":"pwb-brand-bello","7":"product_cat-solsikke","8":"product_cat-utefugl-mat","9":"product_cat-utefugl-dyr","10":"product_cat-utefugl","11":"product_tag-utefuglmat-og-fugletilbeh-r","13":"first","14":"instock","15":"taxable","16":"shipping-taxable","17":"purchasable","18":"product-type-variable","19":"has-default-attributes"},"exclude_global_add_ons":[],"addons":[],"brands":[{"id":72,"name":"Bello","slug":"bello"}],"_links":{"self":[{"href":"https:\/\/utefugl.no\/en\/wp-json\/wp\/v2\/product\/951","targetHints":{"allow":["GET"]}}],"collection":[{"href":"https:\/\/utefugl.no\/en\/wp-json\/wp\/v2\/product"}],"about":[{"href":"https:\/\/utefugl.no\/en\/wp-json\/wp\/v2\/types\/product"}],"version-history":[{"count":0,"href":"https:\/\/utefugl.no\/en\/wp-json\/wp\/v2\/product\/951\/revisions"}],"wp:featuredmedia":[{"embeddable":true,"href":"https:\/\/utefugl.no\/en\/wp-json\/wp\/v2\/media\/2358"}],"wp:attachment":[{"href":"https:\/\/utefugl.no\/en\/wp-json\/wp\/v2\/media?parent=951"}],"wp:term":[{"taxonomy":"pwb-brand","embeddable":true,"href":"https:\/\/utefugl.no\/en\/wp-json\/wp\/v2\/pwb-brand?post=951"},{"taxonomy":"product_brand","embeddable":true,"href":"https:\/\/utefugl.no\/en\/wp-json\/wp\/v2\/product_brand?post=951"},{"taxonomy":"product_cat","embeddable":true,"href":"https:\/\/utefugl.no\/en\/wp-json\/wp\/v2\/product_cat?post=951"},{"taxonomy":"product_tag","embeddable":true,"href":"https:\/\/utefugl.no\/en\/wp-json\/wp\/v2\/product_tag?post=951"}],"curies":[{"name":"wp","href":"https:\/\/api.w.org\/{rel}","templated":true}]}}