{"id":734,"date":"2025-04-14T08:59:56","date_gmt":"2025-04-14T06:59:56","guid":{"rendered":"https:\/\/utefugl.no\/produkt\/insekt-hotell\/"},"modified":"2025-10-07T15:20:45","modified_gmt":"2025-10-07T13:20:45","slug":"insekt-hotell","status":"publish","type":"product","link":"https:\/\/utefugl.no\/en\/product\/insekt-hotell\/","title":{"rendered":"Insect Hotel, Trixie"},"content":{"rendered":"<h2>Insect Hotel, Trixie<\/h2>\n<p><a href=\"https:\/\/tropehagen.no\/wp-content\/uploads\/sites\/9\/2022\/10\/Insekt-Hotell-Trixie.pdf\" target=\"_blank\" rel=\"noopener\">Last ned produktveiledning her<\/a><\/p>\n<p>Insekthotell om vinteren? Insekter d\u00f8r i urovekkende stor fart.<br \/>\nEr du usikker p\u00e5 om insekthotellet egentlig virker, s\u00e5 ikke v\u00e6r for kjapp med \u00e5 skrote det ved mistanke om at det er ubebodd. Det er nemlig ikke slik at insekthotellet skal ha yrende aktivitet hele tiden og summe som en bikube. Det kan godt hende at det gj\u00f8r nytten selv om det virker veldig rolig der.<\/p>\n<p>insekthotell plassering<br \/>\nVil du drive hotell, b\u00f8r du ogs\u00e5 tilby matservering. Biene vil ikke fly for langt unna eggene sine og hente mat. S\u00f8rg for at du setter opp innsekthotellet ditt s\u00e5 n\u00e6rme blomster som mulig.<\/p>","protected":false},"excerpt":{"rendered":"<h3>Insect Hotel, Trixie<\/h3>\n<ul>\n<li>hekke- og dvalehjelp for nyttige insekter<\/li>\n<li>med mineralsk overflate takpapp<\/li>\n<li>laget av v\u00e6rbestandig barkved<\/li>\n<li>Monter&nbsp;p\u00e5 et solfylt sted som er beskyttet&nbsp;og vendt mot s\u00f8r<\/li>\n<li>Bare naturlige materialer<\/li>\n<li>35x50x9cm<\/li>\n<\/ul>","protected":false},"featured_media":1606,"template":"","meta":{"content-type":"","_uf_show_specific_survey":0,"_uf_disable_surveys":false,"_monsterinsights_skip_tracking":false,"_monsterinsights_sitenote_active":false,"_monsterinsights_sitenote_note":"","_monsterinsights_sitenote_category":0},"pwb-brand":[92],"product_brand":[],"product_cat":[103,22,23],"product_tag":[111,174],"class_list":{"0":"post-734","1":"product","2":"type-product","3":"status-publish","4":"has-post-thumbnail","6":"pwb-brand-trixie","7":"product_cat-biehus-hotell","8":"product_cat-utefugl-dyr","9":"product_cat-utefugl","10":"product_tag-hage","11":"product_tag-utefuglmat-og-fugletilbeh-r","13":"first","14":"onbackorder","15":"downloadable","16":"taxable","17":"shipping-taxable","18":"purchasable","19":"product-type-simple"},"exclude_global_add_ons":[],"addons":[],"brands":[{"id":92,"name":"Trixie","slug":"trixie"}],"_links":{"self":[{"href":"https:\/\/utefugl.no\/en\/wp-json\/wp\/v2\/product\/734","targetHints":{"allow":["GET"]}}],"collection":[{"href":"https:\/\/utefugl.no\/en\/wp-json\/wp\/v2\/product"}],"about":[{"href":"https:\/\/utefugl.no\/en\/wp-json\/wp\/v2\/types\/product"}],"version-history":[{"count":0,"href":"https:\/\/utefugl.no\/en\/wp-json\/wp\/v2\/product\/734\/revisions"}],"wp:featuredmedia":[{"embeddable":true,"href":"https:\/\/utefugl.no\/en\/wp-json\/wp\/v2\/media\/1606"}],"wp:attachment":[{"href":"https:\/\/utefugl.no\/en\/wp-json\/wp\/v2\/media?parent=734"}],"wp:term":[{"taxonomy":"pwb-brand","embeddable":true,"href":"https:\/\/utefugl.no\/en\/wp-json\/wp\/v2\/pwb-brand?post=734"},{"taxonomy":"product_brand","embeddable":true,"href":"https:\/\/utefugl.no\/en\/wp-json\/wp\/v2\/product_brand?post=734"},{"taxonomy":"product_cat","embeddable":true,"href":"https:\/\/utefugl.no\/en\/wp-json\/wp\/v2\/product_cat?post=734"},{"taxonomy":"product_tag","embeddable":true,"href":"https:\/\/utefugl.no\/en\/wp-json\/wp\/v2\/product_tag?post=734"}],"curies":[{"name":"wp","href":"https:\/\/api.w.org\/{rel}","templated":true}]}}