{"id":702,"date":"2025-03-14T08:44:34","date_gmt":"2025-03-14T07:44:34","guid":{"rendered":"https:\/\/utefugl.no\/produkt\/meise-redekasse-12x12x27-cm\/"},"modified":"2025-09-20T20:16:16","modified_gmt":"2025-09-20T18:16:16","slug":"meise-redekasse-12x12x27-cm","status":"publish","type":"product","link":"https:\/\/utefugl.no\/en\/product\/meise-redekasse-12x12x27-cm\/","title":{"rendered":"Titmouse nest box 12x12x27 cm"},"content":{"rendered":"<h3 class=\"\"><span style=\"white-space-collapse: preserve;\">Titmouse nest box 12x12x27 cm<\/span><\/h3>\n<p><span style=\"white-space-collapse: preserve;\">Gi barna muligheten til \u00e5 bygge og dekorere sitt eget fuglehus med v\u00e5r meise redekasse! Dette produktet styrker kreativiteten deres samtidig som de l\u00e6rer om naturen og det ansvaret det inneb\u00e6rer \u00e5 ta vare p\u00e5 dyrelivet.<br \/>\n<\/span><br \/><span style=\"white-space-collapse: preserve;\">V\u00e5r meise redekasse er ikke bare en morsom aktivitet for barna; den gir ogs\u00e5 flere fordeler. Ved \u00e5 konstruere og dekorere fuglehuset, utvikler barna sine motoriske ferdigheter og deres evne til \u00e5 tenke kreativt. I tillegg f\u00e5r de en f\u00f8lelse av stolthet n\u00e5r de ser fugler bruke kassen de har laget selv.<br \/>\n<\/span><br \/><span style=\"white-space-collapse: preserve;\">F\u00f8lg instruksjonene som f\u00f8lger med kassen for \u00e5 sette den sammen. N\u00e5r fuglehuset er ferdig, kan barna male og dekorere det etter egne \u00f8nsker, noe som gj\u00f8r hvert hus unikt! Plasser det p\u00e5 et passende sted i hagen eller balkongen, og se frem til \u00e5 se sm\u00e5fuglene fly inn og ut.<\/span><\/p>","protected":false},"excerpt":{"rendered":"<h2 class=\"\">Titmouse nest box 12x12x27 cm<\/h2>\n<ul>\n<li>Bygg et personlig fuglehus med barna.<\/li>\n<li>Inspirerende lek for kreativitet og samarbeid.<\/li>\n<li>St\u00f8rrelse: 12x12x27 cm, perfekt for sm\u00e5 fugler.<\/li>\n<li>En flott aktivitet for \u00e5 l\u00e6re om natur.<\/li>\n<li>Robust design for langvarig bruk.<\/li>\n<\/ul>","protected":false},"featured_media":1401,"template":"","meta":{"content-type":"","_uf_show_specific_survey":0,"_uf_disable_surveys":false,"_monsterinsights_skip_tracking":false,"_monsterinsights_sitenote_active":false,"_monsterinsights_sitenote_note":"","_monsterinsights_sitenote_category":0},"pwb-brand":[92],"product_brand":[],"product_cat":[76,70,69,39,95,77,78,22,23],"product_tag":[111,174],"class_list":{"0":"post-702","1":"product","2":"type-product","3":"status-publish","4":"has-post-thumbnail","6":"pwb-brand-trixie","7":"product_cat-dyr-som-hobby","8":"product_cat-fugl","9":"product_cat-fugl-som-hobby","10":"product_cat-utefuglhus","11":"product_cat-fuglerede-kasser","12":"product_cat-smadyr","13":"product_cat-utedyr","14":"product_cat-utefugl-dyr","15":"product_cat-utefugl","16":"product_tag-hage","17":"product_tag-utefuglmat-og-fugletilbeh-r","19":"first","20":"instock","21":"taxable","22":"shipping-taxable","23":"purchasable","24":"product-type-simple"},"exclude_global_add_ons":[],"addons":[],"brands":[{"id":92,"name":"Trixie","slug":"trixie"}],"_links":{"self":[{"href":"https:\/\/utefugl.no\/en\/wp-json\/wp\/v2\/product\/702","targetHints":{"allow":["GET"]}}],"collection":[{"href":"https:\/\/utefugl.no\/en\/wp-json\/wp\/v2\/product"}],"about":[{"href":"https:\/\/utefugl.no\/en\/wp-json\/wp\/v2\/types\/product"}],"version-history":[{"count":1,"href":"https:\/\/utefugl.no\/en\/wp-json\/wp\/v2\/product\/702\/revisions"}],"predecessor-version":[{"id":830,"href":"https:\/\/utefugl.no\/en\/wp-json\/wp\/v2\/product\/702\/revisions\/830"}],"wp:featuredmedia":[{"embeddable":true,"href":"https:\/\/utefugl.no\/en\/wp-json\/wp\/v2\/media\/1401"}],"wp:attachment":[{"href":"https:\/\/utefugl.no\/en\/wp-json\/wp\/v2\/media?parent=702"}],"wp:term":[{"taxonomy":"pwb-brand","embeddable":true,"href":"https:\/\/utefugl.no\/en\/wp-json\/wp\/v2\/pwb-brand?post=702"},{"taxonomy":"product_brand","embeddable":true,"href":"https:\/\/utefugl.no\/en\/wp-json\/wp\/v2\/product_brand?post=702"},{"taxonomy":"product_cat","embeddable":true,"href":"https:\/\/utefugl.no\/en\/wp-json\/wp\/v2\/product_cat?post=702"},{"taxonomy":"product_tag","embeddable":true,"href":"https:\/\/utefugl.no\/en\/wp-json\/wp\/v2\/product_tag?post=702"}],"curies":[{"name":"wp","href":"https:\/\/api.w.org\/{rel}","templated":true}]}}