{"id":42,"date":"2022-10-28T13:36:01","date_gmt":"2022-10-28T11:36:01","guid":{"rendered":"https:\/\/utefugl.no\/product\/villfuglmater\/"},"modified":"2025-09-20T18:49:18","modified_gmt":"2025-09-20T16:49:18","slug":"villfuglmater","status":"publish","type":"product","link":"https:\/\/utefugl.no\/en\/product\/villfuglmater\/","title":{"rendered":"Villfuglmater til talgballer"},"content":{"rendered":"<h2 class=\"product_title entry-title\">Villfuglmater til talgballer<\/h2>\n<p>Svenskprodusert talgkuleholder som gj\u00f8r det mulig \u00e5 oppbevare flere meiseboller om gangen. Heng den i hagen eller p\u00e5 balkongen &#8211; den lille l\u00f8kken p\u00e5 h\u00e5ndtaket gir ekstra stabilitet n\u00e5r du henger p\u00e5 en krok.<\/p>\n<p>Det er ogs\u00e5 mulig \u00e5 feste en kjede eller en snor for \u00e5 justere lengden etter dine spesifikke forhold.<\/p>\n<p>Lukkede fuglematere er mer hygienisk, da du unng\u00e5r at sm\u00e5fuglene gj\u00f8r fra seg i maten.<\/p>\n<p>Ved bruk av fuglemater for meiseboller, slipper du ogs\u00e5 plastikknettene rundt meisebollen, som er bedre for b\u00e5de fuglene v\u00e5re og milj\u00f8et. Ingen fugler blir da sittende fast i nettene eller skader seg, og det blir mindre plastforurensing i naturen.<\/p>","protected":false},"excerpt":{"rendered":"<h3 class=\"product_title entry-title\">Villfuglmater til talgballer<\/h3>\n<p>Opplev vinterens sm\u00e5fugler med denne meisebolle holderen. meisebolleholderer holder p\u00e5 meisebollene s\u00e5 de ikke faller ut, mens st\u00f8rre fugler ikke kan fly avg\u00e5rde med maten. Ved etterfylling er det bare \u00e5 l\u00f8fte lokket og ha i talgkuler. Du unng\u00e5 ogs\u00e5 at store fugler stjeler fuglematen.<\/p>\n<p>Meget smart fuglemater som gj\u00f8r det mulig \u00e5 lagre flere talgboller og dermed slippe \u00e5 fylle p\u00e5 lageret s\u00e5 ofte. Dessuten s\u00f8rger r\u00f8ret for at du slipper tomme talgbollenett i hagen, og at st\u00f8rre fugler ikke flyr av sted med talgbollene.<\/p>\n<ul>\n<li>transparent<\/li>\n<li>20cm<\/li>\n<\/ul>","protected":false},"featured_media":1344,"template":"","meta":{"content-type":"","_uf_show_specific_survey":0,"_uf_disable_surveys":false,"_monsterinsights_skip_tracking":false,"_monsterinsights_sitenote_active":false,"_monsterinsights_sitenote_note":"","_monsterinsights_sitenote_category":0},"pwb-brand":[101],"product_brand":[],"product_cat":[178,22,23],"product_tag":[174],"class_list":{"0":"post-42","1":"product","2":"type-product","3":"status-publish","4":"has-post-thumbnail","6":"pwb-brand-ozami","7":"product_cat-utefuglskaler-og-automater","8":"product_cat-utefugl-dyr","9":"product_cat-utefugl","10":"product_tag-utefuglmat-og-fugletilbeh-r","12":"first","13":"instock","14":"taxable","15":"shipping-taxable","16":"purchasable","17":"product-type-simple"},"exclude_global_add_ons":[],"addons":[],"brands":[{"id":101,"name":"Ozami","slug":"ozami"}],"_links":{"self":[{"href":"https:\/\/utefugl.no\/en\/wp-json\/wp\/v2\/product\/42","targetHints":{"allow":["GET"]}}],"collection":[{"href":"https:\/\/utefugl.no\/en\/wp-json\/wp\/v2\/product"}],"about":[{"href":"https:\/\/utefugl.no\/en\/wp-json\/wp\/v2\/types\/product"}],"version-history":[{"count":1,"href":"https:\/\/utefugl.no\/en\/wp-json\/wp\/v2\/product\/42\/revisions"}],"predecessor-version":[{"id":1341,"href":"https:\/\/utefugl.no\/en\/wp-json\/wp\/v2\/product\/42\/revisions\/1341"}],"wp:featuredmedia":[{"embeddable":true,"href":"https:\/\/utefugl.no\/en\/wp-json\/wp\/v2\/media\/1344"}],"wp:attachment":[{"href":"https:\/\/utefugl.no\/en\/wp-json\/wp\/v2\/media?parent=42"}],"wp:term":[{"taxonomy":"pwb-brand","embeddable":true,"href":"https:\/\/utefugl.no\/en\/wp-json\/wp\/v2\/pwb-brand?post=42"},{"taxonomy":"product_brand","embeddable":true,"href":"https:\/\/utefugl.no\/en\/wp-json\/wp\/v2\/product_brand?post=42"},{"taxonomy":"product_cat","embeddable":true,"href":"https:\/\/utefugl.no\/en\/wp-json\/wp\/v2\/product_cat?post=42"},{"taxonomy":"product_tag","embeddable":true,"href":"https:\/\/utefugl.no\/en\/wp-json\/wp\/v2\/product_tag?post=42"}],"curies":[{"name":"wp","href":"https:\/\/api.w.org\/{rel}","templated":true}]}}