{"id":39,"date":"2023-12-11T05:57:10","date_gmt":"2023-12-11T04:57:10","guid":{"rendered":"https:\/\/utefugl.no\/product\/fuglemater-rund\/"},"modified":"2026-02-19T13:31:34","modified_gmt":"2026-02-19T12:31:34","slug":"fuglemater-rund","status":"publish","type":"product","link":"https:\/\/utefugl.no\/en\/product\/fuglemater-rund\/","title":{"rendered":"Fuglemater rund"},"content":{"rendered":"<h2>Fuglemater rund, utefuglautomat for meiseboller<\/h2>","protected":false},"excerpt":{"rendered":"<h3>Fuglemater rund, utefuglautomat for meiseboller<\/h3>\n<ul>\n<li>med avtagbart tak<\/li>\n<li>for opptil 8 fettkuler, meiseboller (ikke inkludert)<\/li>\n<li>metall, matt<\/li>\n<li>M\u00e5l: \u00f8 24 \u00d7 8 cm<\/li>\n<\/ul>","protected":false},"featured_media":2479,"template":"","meta":{"content-type":"","_uf_show_specific_survey":0,"_uf_disable_surveys":false,"_monsterinsights_skip_tracking":false,"_monsterinsights_sitenote_active":false,"_monsterinsights_sitenote_note":"","_monsterinsights_sitenote_category":0},"pwb-brand":[92],"product_brand":[],"product_cat":[178,77,78,23],"product_tag":[],"class_list":{"0":"post-39","1":"product","2":"type-product","3":"status-publish","4":"has-post-thumbnail","6":"pwb-brand-trixie","7":"product_cat-utefuglskaler-og-automater","8":"product_cat-smadyr","9":"product_cat-utedyr","10":"product_cat-utefugl","12":"first","13":"outofstock","14":"taxable","15":"shipping-taxable","16":"purchasable","17":"product-type-simple"},"exclude_global_add_ons":[],"addons":[],"brands":[{"id":92,"name":"Trixie","slug":"trixie"}],"_links":{"self":[{"href":"https:\/\/utefugl.no\/en\/wp-json\/wp\/v2\/product\/39","targetHints":{"allow":["GET"]}}],"collection":[{"href":"https:\/\/utefugl.no\/en\/wp-json\/wp\/v2\/product"}],"about":[{"href":"https:\/\/utefugl.no\/en\/wp-json\/wp\/v2\/types\/product"}],"version-history":[{"count":1,"href":"https:\/\/utefugl.no\/en\/wp-json\/wp\/v2\/product\/39\/revisions"}],"predecessor-version":[{"id":2406,"href":"https:\/\/utefugl.no\/en\/wp-json\/wp\/v2\/product\/39\/revisions\/2406"}],"wp:featuredmedia":[{"embeddable":true,"href":"https:\/\/utefugl.no\/en\/wp-json\/wp\/v2\/media\/2479"}],"wp:attachment":[{"href":"https:\/\/utefugl.no\/en\/wp-json\/wp\/v2\/media?parent=39"}],"wp:term":[{"taxonomy":"pwb-brand","embeddable":true,"href":"https:\/\/utefugl.no\/en\/wp-json\/wp\/v2\/pwb-brand?post=39"},{"taxonomy":"product_brand","embeddable":true,"href":"https:\/\/utefugl.no\/en\/wp-json\/wp\/v2\/product_brand?post=39"},{"taxonomy":"product_cat","embeddable":true,"href":"https:\/\/utefugl.no\/en\/wp-json\/wp\/v2\/product_cat?post=39"},{"taxonomy":"product_tag","embeddable":true,"href":"https:\/\/utefugl.no\/en\/wp-json\/wp\/v2\/product_tag?post=39"}],"curies":[{"name":"wp","href":"https:\/\/api.w.org\/{rel}","templated":true}]}}