{"id":224,"date":"2020-02-22T18:09:17","date_gmt":"2020-02-22T17:09:17","guid":{"rendered":"https:\/\/utefugl.no\/product\/peanotter-med-skall\/"},"modified":"2025-11-11T13:01:04","modified_gmt":"2025-11-11T12:01:04","slug":"peanotter-med-skall","status":"publish","type":"product","link":"https:\/\/utefugl.no\/en\/product\/peanotter-med-skall\/","title":{"rendered":"Peanuts in shell 10 kg"},"content":{"rendered":"<h2>Peanuts in shell 10 kg<\/h2>\n<p>Papeg\u00f8yer, som mange fugler, nyter en rekke fr\u00f8 og n\u00f8tter i kostholdet. De vil til og med spise frukt og gr\u00f8nnsaker. Ville fugler har stor nytte av fettet som finnes i n\u00f8tter for \u00e5 hjelpe dem gjennom vinteren. Fugler som holdes som kj\u00e6ledyr drar ogs\u00e5 nytte av proteinene og n\u00e6ringsstoffene som finnes i n\u00f8tter. Men n\u00f8yaktig hvilke typer n\u00f8tter kan papeg\u00f8yer spise? Siden n\u00f8tter kan v\u00e6re dyre, kan papeg\u00f8yeeiere ta en pose pean\u00f8tter for \u00e5 gi til fuglen sin fordi de ikke er s\u00e5 dyre som mandler eller valn\u00f8tter.<\/p>\n<p>Men er pean\u00f8tter trygge for papeg\u00f8yer? Ja det er de! Det er imidlertid lett \u00e5 gi for mange. 2-3 pr. dager holder.<\/p>\n<p>Pean\u00f8tter har proteiner og n\u00e6ringsstoffer som er gunstige for papeg\u00f8yer. Pean\u00f8tter, ogs\u00e5 kjent som jordn\u00f8tter er en allsidig ingrediens som brukes i ulike retter over hele verden. Til tross for navnet deres, er ikke pean\u00f8tter ekte n\u00f8tter, men belgfrukter, relatert til b\u00f8nner og linser.<\/p>\n<p>Gis som bel\u00f8nning og godteri til papeg\u00f8yer. De elsker pean\u00f8tter og \u00e5 plukke og skrelle n\u00f8tten for \u00e5 komme til den indre ringen. Skallet inneholder ogs\u00e5 viktige kalsium stoffer som fuglene trenger. Kan ogs\u00e5 gis til utefugl, st\u00f8rre fuglevilt og ekorn.<\/p>","protected":false},"excerpt":{"rendered":"<h3>Peanuts in shell 10 kg<\/h3>\n<p>Pean\u00f8tt- og solsikkekjerner er en god kilde til protein for papeg\u00f8yer n\u00e5r de ikke f\u00e5r for mye<\/p>\n<ul>\n<li>Perfekt fuglesnacks<\/li>\n<li>popul\u00e6rt tidsfordriv<\/li>\n<li>T\u00f8rrstekt i ovn uten tilsatt olje<\/li>\n<\/ul>","protected":false},"featured_media":1755,"template":"","meta":{"content-type":"","_uf_show_specific_survey":0,"_uf_disable_surveys":false,"_monsterinsights_skip_tracking":false,"_monsterinsights_sitenote_active":false,"_monsterinsights_sitenote_note":"","_monsterinsights_sitenote_category":0},"pwb-brand":[],"product_brand":[],"product_cat":[76,70,69,246,73,87,86,26,77,25,22,23],"product_tag":[110,179],"class_list":{"0":"post-224","1":"product","2":"type-product","3":"status-publish","4":"has-post-thumbnail","6":"product_cat-dyr-som-hobby","7":"product_cat-fugl","8":"product_cat-fugl-som-hobby","9":"product_cat-fuglemat-til-undulater-papeg-yer-og-burfugler","10":"product_cat-fuglesnacks","11":"product_cat-godbit-og-snacks","12":"product_cat-mat-dyr","13":"product_cat-peanotter-fugl","14":"product_cat-smadyr","15":"product_cat-utefugl-mat","16":"product_cat-utefugl-dyr","17":"product_cat-utefugl","18":"product_tag-fuglemat-og-fuglef-or","19":"product_tag-peanott","21":"first","22":"instock","23":"taxable","24":"shipping-taxable","25":"purchasable","26":"product-type-simple"},"exclude_global_add_ons":[],"addons":[],"brands":[],"_links":{"self":[{"href":"https:\/\/utefugl.no\/en\/wp-json\/wp\/v2\/product\/224","targetHints":{"allow":["GET"]}}],"collection":[{"href":"https:\/\/utefugl.no\/en\/wp-json\/wp\/v2\/product"}],"about":[{"href":"https:\/\/utefugl.no\/en\/wp-json\/wp\/v2\/types\/product"}],"version-history":[{"count":0,"href":"https:\/\/utefugl.no\/en\/wp-json\/wp\/v2\/product\/224\/revisions"}],"wp:featuredmedia":[{"embeddable":true,"href":"https:\/\/utefugl.no\/en\/wp-json\/wp\/v2\/media\/1755"}],"wp:attachment":[{"href":"https:\/\/utefugl.no\/en\/wp-json\/wp\/v2\/media?parent=224"}],"wp:term":[{"taxonomy":"pwb-brand","embeddable":true,"href":"https:\/\/utefugl.no\/en\/wp-json\/wp\/v2\/pwb-brand?post=224"},{"taxonomy":"product_brand","embeddable":true,"href":"https:\/\/utefugl.no\/en\/wp-json\/wp\/v2\/product_brand?post=224"},{"taxonomy":"product_cat","embeddable":true,"href":"https:\/\/utefugl.no\/en\/wp-json\/wp\/v2\/product_cat?post=224"},{"taxonomy":"product_tag","embeddable":true,"href":"https:\/\/utefugl.no\/en\/wp-json\/wp\/v2\/product_tag?post=224"}],"curies":[{"name":"wp","href":"https:\/\/api.w.org\/{rel}","templated":true}]}}