{"id":1517,"date":"2025-09-24T17:55:16","date_gmt":"2025-09-24T15:55:16","guid":{"rendered":"https:\/\/utefugl.no\/produkt\/villfugl-talgcylinder-med-br-350gr\/"},"modified":"2025-09-25T08:06:13","modified_gmt":"2025-09-25T06:06:13","slug":"villfugl-talgsylinder-med-br-350-gram","status":"publish","type":"product","link":"https:\/\/utefugl.no\/en\/product\/villfugl-talgsylinder-med-br-350-gram\/","title":{"rendered":"Wild Bird Tallow Cylinder with Berries 350 grams"},"content":{"rendered":"<h2>Wild Bird Tallow Cylinder with Berries 350 grams<\/h2>\n<p>Oppdag gleden ved \u00e5 mate villfugler med Villfugl Talgsylinder med B\u00e6r 350gr. Denne talgsylinderens 350g design gir optimal ern\u00e6ring for fuglene, og er perfekt for b\u00e5de hagen og naturlige omr\u00e5der. En enkel og naturlig l\u00f8sning for \u00e5 tiltrekke et rikt utvalg av fuglearter.<\/p>\n<p>Talgsylinder er laget med naturlige ingredienser, noe som sikrer en sunn f\u00f4r-opplevelse for villfuglene. Den er lett \u00e5 bruke &#8211; bare heng den opp og se fuglene nyte maten. Den attraktive blandingen er utformet for \u00e5 tiltrekke seg flere forskjellige fuglearters smak, noe som gj\u00f8r hagen din til et livlig fugleparadis.<\/p>\n<p>For best resultat, heng den&nbsp;<span style=\"font-size: 1rem;\">p\u00e5 et sted der fuglene ofte oppholder seg. Det kan v\u00e6re i hagen, n\u00e6r busker eller tr\u00e6r. S\u00f8rg for at det er fritt for hindringer, s\u00e5 fuglene enkelt kan n\u00e5 f\u00f4ret. Kontroller regelmessig for \u00e5 sikre at det alltid er nok mat tilgjengelig.<\/span><\/p>","protected":false},"excerpt":{"rendered":"<h2 style=\"font-family: &quot;Source Sans Pro&quot;, -apple-system, BlinkMacSystemFont, &quot;Segoe UI&quot;, Roboto, &quot;Helvetica Neue&quot;, Arial, sans-serif, &quot;Apple Color Emoji&quot;, &quot;Segoe UI Emoji&quot;, &quot;Segoe UI Symbol&quot;; color: rgb(33, 37, 41);\">Wild Bird Tallow Cylinder with Berries 350 grams<\/h2>\n<ul>\n<li>Perfekt for \u00e5 mate villfugler.<\/li>\n<li>350g design gir optimal n\u00e6ring.<\/li>\n<li>Enkel \u00e5 bruke, klar til oppheng.<\/li>\n<li>Naturlige ingredienser for sunn f\u00f4ring.<\/li>\n<li>Attraktiv for mange fuglearter.<\/li>\n<li>Ideell for hagen og naturlige omr\u00e5der.<\/li>\n<\/ul>","protected":false},"featured_media":1521,"template":"","meta":{"content-type":"","_uf_show_specific_survey":0,"_uf_disable_surveys":false,"_monsterinsights_skip_tracking":false,"_monsterinsights_sitenote_active":false,"_monsterinsights_sitenote_note":"","_monsterinsights_sitenote_category":0},"pwb-brand":[],"product_brand":[],"product_cat":[27,25,22,23],"product_tag":[174,38],"class_list":{"0":"post-1517","1":"product","2":"type-product","3":"status-publish","4":"has-post-thumbnail","6":"product_cat-talg-fettballer","7":"product_cat-utefugl-mat","8":"product_cat-utefugl-dyr","9":"product_cat-utefugl","10":"product_tag-utefuglmat-og-fugletilbeh-r","11":"product_tag-villfugl","13":"first","14":"instock","15":"taxable","16":"shipping-taxable","17":"purchasable","18":"product-type-simple"},"exclude_global_add_ons":[],"addons":[],"brands":[],"_links":{"self":[{"href":"https:\/\/utefugl.no\/en\/wp-json\/wp\/v2\/product\/1517","targetHints":{"allow":["GET"]}}],"collection":[{"href":"https:\/\/utefugl.no\/en\/wp-json\/wp\/v2\/product"}],"about":[{"href":"https:\/\/utefugl.no\/en\/wp-json\/wp\/v2\/types\/product"}],"version-history":[{"count":1,"href":"https:\/\/utefugl.no\/en\/wp-json\/wp\/v2\/product\/1517\/revisions"}],"predecessor-version":[{"id":1520,"href":"https:\/\/utefugl.no\/en\/wp-json\/wp\/v2\/product\/1517\/revisions\/1520"}],"wp:featuredmedia":[{"embeddable":true,"href":"https:\/\/utefugl.no\/en\/wp-json\/wp\/v2\/media\/1521"}],"wp:attachment":[{"href":"https:\/\/utefugl.no\/en\/wp-json\/wp\/v2\/media?parent=1517"}],"wp:term":[{"taxonomy":"pwb-brand","embeddable":true,"href":"https:\/\/utefugl.no\/en\/wp-json\/wp\/v2\/pwb-brand?post=1517"},{"taxonomy":"product_brand","embeddable":true,"href":"https:\/\/utefugl.no\/en\/wp-json\/wp\/v2\/product_brand?post=1517"},{"taxonomy":"product_cat","embeddable":true,"href":"https:\/\/utefugl.no\/en\/wp-json\/wp\/v2\/product_cat?post=1517"},{"taxonomy":"product_tag","embeddable":true,"href":"https:\/\/utefugl.no\/en\/wp-json\/wp\/v2\/product_tag?post=1517"}],"curies":[{"name":"wp","href":"https:\/\/api.w.org\/{rel}","templated":true}]}}