{"id":125,"date":"2020-02-22T18:10:14","date_gmt":"2020-02-22T17:10:14","guid":{"rendered":"https:\/\/utefugl.no\/product\/meiseball-90g\/"},"modified":"2025-09-07T15:12:46","modified_gmt":"2025-09-07T13:12:46","slug":"meiseball-90g","status":"publish","type":"product","link":"https:\/\/utefugl.no\/en\/product\/meiseball-90g\/","title":{"rendered":"Tit ball 90g 35pcs"},"content":{"rendered":"<h2>Tit ball 90g 35pcs<\/h2>\n<p>Alle\u00a0<em>fugler<\/em>\u00a0har sine egne favoritter fra menyen. Med riktig mat kan du lokke arter til \u00e5 bes\u00f8ke hagen din. Pr\u00f8v deg frem, og se hvilke\u00a0<em>fugler<\/em>\u00a0som dukker opp.<br \/>\nNoen utefugler trenger \u00e5 spise ca. 4-5 ganger sin egen vekt hver dag p\u00e5 vinterstid, og f\u00e5r dermed bedre levek\u00e5r hvis vi gir dem fuglemat og fuglefr\u00f8. Start tidlig og fortsett hele \u00e5ret med fuglematingen. Fuglene vet da hvor de vil finne mat, og de vil f\u00e5 hjelp til \u00e5 dekke sitt behov for ekstra mat under hekkingen p\u00e5 sommeren.<\/p>\n<p>Ved \u00e5 mate v\u00e5re vinterfugler bevares ogs\u00e5 bestanden og vi opprettholder balansen i naturen som fuglene skaper ved \u00e5 holde styr p\u00e5 skadedyr i hagen, skogen og i marka.<br \/>\nEnergirik meisebolle uten netting for f\u00f4ring av villfugl laget av bla fettholdige fr\u00f8 og korn. Perfekt \u00e5 bruke i fulgemater for meiseboller. Inneholder bl.a. fettholdige fr\u00f8 og korn.<\/p>\n<p>Alle\u00a0<em>fugler<\/em>\u00a0har sine egne favoritter fra menyen. Med riktig mat kan du lokke arter til \u00e5 bes\u00f8ke hagen din. Pr\u00f8v deg frem, og se hvilke\u00a0<em>fugler<\/em>\u00a0som dukker opp.<\/p>\n<p>Fugler som liker talg er blant annet: bl\u00e5meis, gr\u00e5spurv, gr\u00f8nnfink, n\u00f8tteskrike, pilfink, hakkespett, svartmeis og kj\u00f8ttmeis.<\/p>","protected":false},"excerpt":{"rendered":"<h3>Tit ball 90g 35pcs<\/h3>\n<p>Meiseboller er den ultimate fuglematen.\u00a0<b>N\u00e5r det er kaldt om vinteren s\u00e5 er det ekstra viktig at fuglene og ekorna raskt kan spise det de trenger<\/b>, og derfor er meisebollene veldig popul\u00e6re. De er enkle \u00e5 spise og fulle av energi. Om v\u00e5ren s\u00e5 trenger fugler energi, s\u00e5 da er ogs\u00e5 meieboller fint \u00e5 f\u00f2re med.<\/p>\n<p>Pr\u00f8v \u00e5 unng\u00e5 meiseboller i plastnetting. Plast \u00f8nsker vi ikke \u00e5 ha i naturen, men i tillegg kan fugler fort sette seg fast i nettet.<\/p>\n<ul>\n<li>Ca. 3,2 kg i b\u00f8tta<\/li>\n<li class=\"dotted-list__item\">Energirike med h\u00f8yt fettinnhold<\/li>\n<li class=\"dotted-list__item\">Popul\u00e6r mat til sm\u00e5fugl<\/li>\n<li class=\"dotted-list__item\">Gi fuglene n\u00e6ring om vinteren<\/li>\n<li class=\"dotted-list__item\">Skap mer fugleliv rundt hus og hytte<\/li>\n<li>Husk \u00e5 ta vare p\u00e5 fuglene utenfor vinduet ditt.<\/li>\n<li>De sm\u00e5 gjestene p\u00e5 fuglebrettet setter ekstra stor pris p\u00e5 meiseboller!<\/li>\n<\/ul>","protected":false},"featured_media":123,"template":"","meta":{"content-type":"","_uf_show_specific_survey":0,"_uf_disable_surveys":false,"_monsterinsights_skip_tracking":false,"_monsterinsights_sitenote_active":false,"_monsterinsights_sitenote_note":"","_monsterinsights_sitenote_category":0},"pwb-brand":[],"product_brand":[],"product_cat":[25,23],"product_tag":[],"class_list":{"0":"post-125","1":"product","2":"type-product","3":"status-publish","4":"has-post-thumbnail","6":"product_cat-utefugl-mat","7":"product_cat-utefugl","9":"first","10":"instock","11":"taxable","12":"shipping-taxable","13":"purchasable","14":"product-type-simple"},"exclude_global_add_ons":[],"addons":[],"brands":[],"_links":{"self":[{"href":"https:\/\/utefugl.no\/en\/wp-json\/wp\/v2\/product\/125","targetHints":{"allow":["GET"]}}],"collection":[{"href":"https:\/\/utefugl.no\/en\/wp-json\/wp\/v2\/product"}],"about":[{"href":"https:\/\/utefugl.no\/en\/wp-json\/wp\/v2\/types\/product"}],"version-history":[{"count":0,"href":"https:\/\/utefugl.no\/en\/wp-json\/wp\/v2\/product\/125\/revisions"}],"wp:featuredmedia":[{"embeddable":true,"href":"https:\/\/utefugl.no\/en\/wp-json\/wp\/v2\/media\/123"}],"wp:attachment":[{"href":"https:\/\/utefugl.no\/en\/wp-json\/wp\/v2\/media?parent=125"}],"wp:term":[{"taxonomy":"pwb-brand","embeddable":true,"href":"https:\/\/utefugl.no\/en\/wp-json\/wp\/v2\/pwb-brand?post=125"},{"taxonomy":"product_brand","embeddable":true,"href":"https:\/\/utefugl.no\/en\/wp-json\/wp\/v2\/product_brand?post=125"},{"taxonomy":"product_cat","embeddable":true,"href":"https:\/\/utefugl.no\/en\/wp-json\/wp\/v2\/product_cat?post=125"},{"taxonomy":"product_tag","embeddable":true,"href":"https:\/\/utefugl.no\/en\/wp-json\/wp\/v2\/product_tag?post=125"}],"curies":[{"name":"wp","href":"https:\/\/api.w.org\/{rel}","templated":true}]}}