{"id":1232,"date":"2025-09-20T17:31:30","date_gmt":"2025-09-20T15:31:30","guid":{"rendered":"https:\/\/utefugl.no\/produkt\/utefuglautomat-til-meiseboller-i-metall\/"},"modified":"2025-09-20T17:31:32","modified_gmt":"2025-09-20T15:31:32","slug":"utefuglautomat-til-meiseboller-i-metall","status":"publish","type":"product","link":"https:\/\/utefugl.no\/en\/product\/utefuglautomat-til-meiseboller-i-metall\/","title":{"rendered":"Utefuglautomat til meiseboller i metall, \u00f819 x 24cm sort halvmatt"},"content":{"rendered":"<div class=\"jhH5U\">\n<div id=\"tw-ob\" class=\"tw-src-ltr\">\n<div class=\"oSioSc\">\n<div id=\"tw-target\">\n<div id=\"kAz1tf\" class=\"g9WsWb\">\n<div id=\"tw-target-text-container\" class=\"tw-ta-container hide-focus-ring tw-nfl\">\n<h2 id=\"tw-target-text\" class=\"tw-data-text tw-text-large XcVN5d tw-ta\" dir=\"ltr\" data-placeholder=\"Oversettelse\"><span class=\"Y2IQFc\" lang=\"no\">Utefuglautomat til meiseboller i metall, \u00f819 x 24cm sort halvmatt<\/span><\/h2>\n<p class=\"tw-data-text tw-text-large XcVN5d tw-ta\" dir=\"ltr\" data-placeholder=\"Oversettelse\"><span class=\"Y2IQFc\" lang=\"no\">Produktene er laget av forskjellige materialer og kommer i forskjellige st\u00f8rrelser, design og farger. Du kan velge mellom fuglef\u00f4r og vanndispensere for oppheng eller st\u00e5ende. Dette gj\u00f8r at du kan finne det rette f\u00f4ringsstedet for hagen din og hjelpe v\u00e5re ville fugler i deres s\u00f8ken etter mat, mens du kan observere dem p\u00e5 fritiden.<\/span><\/p>\n<\/div>\n<\/div>\n<\/div>\n<\/div>\n<\/div>\n<div>\n<div><\/div>\n<\/div>\n<\/div>","protected":false},"excerpt":{"rendered":"<h3>Utefuglautomat til meiseboller i metall, \u00f819 x 24cm sort halvmatt<\/h3>\n<ul>\n<li>Pulverlakkert metall\/semi-gloss<\/li>\n<li>H\u00f8y kvalitet og moderne design.<\/li>\n<li>De ytre ringene gir et sted \u00e5 sitte mens de spiser.<\/li>\n<li>Avtakbart tak for enkel p\u00e5fylling.<\/li>\n<li>Plass til 3 meiseballer<\/li>\n<li>&nbsp;Til \u00e5 henges.<\/li>\n<\/ul>","protected":false},"featured_media":1236,"template":"","meta":{"content-type":"","_uf_show_specific_survey":0,"_uf_disable_surveys":false,"_monsterinsights_skip_tracking":false,"_monsterinsights_sitenote_active":false,"_monsterinsights_sitenote_note":"","_monsterinsights_sitenote_category":0},"pwb-brand":[92],"product_brand":[],"product_cat":[178,22,23],"product_tag":[38],"class_list":{"0":"post-1232","1":"product","2":"type-product","3":"status-publish","4":"has-post-thumbnail","6":"pwb-brand-trixie","7":"product_cat-utefuglskaler-og-automater","8":"product_cat-utefugl-dyr","9":"product_cat-utefugl","10":"product_tag-villfugl","12":"first","13":"instock","14":"taxable","15":"shipping-taxable","16":"purchasable","17":"product-type-simple"},"exclude_global_add_ons":[],"addons":[],"brands":[{"id":92,"name":"Trixie","slug":"trixie"}],"_links":{"self":[{"href":"https:\/\/utefugl.no\/en\/wp-json\/wp\/v2\/product\/1232","targetHints":{"allow":["GET"]}}],"collection":[{"href":"https:\/\/utefugl.no\/en\/wp-json\/wp\/v2\/product"}],"about":[{"href":"https:\/\/utefugl.no\/en\/wp-json\/wp\/v2\/types\/product"}],"version-history":[{"count":0,"href":"https:\/\/utefugl.no\/en\/wp-json\/wp\/v2\/product\/1232\/revisions"}],"wp:featuredmedia":[{"embeddable":true,"href":"https:\/\/utefugl.no\/en\/wp-json\/wp\/v2\/media\/1236"}],"wp:attachment":[{"href":"https:\/\/utefugl.no\/en\/wp-json\/wp\/v2\/media?parent=1232"}],"wp:term":[{"taxonomy":"pwb-brand","embeddable":true,"href":"https:\/\/utefugl.no\/en\/wp-json\/wp\/v2\/pwb-brand?post=1232"},{"taxonomy":"product_brand","embeddable":true,"href":"https:\/\/utefugl.no\/en\/wp-json\/wp\/v2\/product_brand?post=1232"},{"taxonomy":"product_cat","embeddable":true,"href":"https:\/\/utefugl.no\/en\/wp-json\/wp\/v2\/product_cat?post=1232"},{"taxonomy":"product_tag","embeddable":true,"href":"https:\/\/utefugl.no\/en\/wp-json\/wp\/v2\/product_tag?post=1232"}],"curies":[{"name":"wp","href":"https:\/\/api.w.org\/{rel}","templated":true}]}}