{"id":1207,"date":"2025-09-20T10:48:10","date_gmt":"2025-09-20T08:48:10","guid":{"rendered":"https:\/\/utefugl.no\/produkt\/bello-torket-melorm\/"},"modified":"2025-11-11T16:31:26","modified_gmt":"2025-11-11T15:31:26","slug":"bello-torket-melorm","status":"publish","type":"product","link":"https:\/\/utefugl.no\/en\/product\/bello-torket-melorm\/","title":{"rendered":"Bello dried mealworms"},"content":{"rendered":"<h2>Bello t\u00f8rket melorm<\/h2>\n<div class=\"flex max-w-full flex-col flex-grow\">\n<div data-message-author-role=\"assistant\" data-message-id=\"f59f5c69-2135-4363-8402-472866b75a9c\" dir=\"auto\" class=\"min-h-8 text-message flex w-full flex-col items-end gap-2 whitespace-normal break-words [.text-message+&amp;]:mt-5\" data-message-model-slug=\"gpt-4o\">\n<div class=\"flex w-full flex-col gap-1 empty:hidden first:pt-[3px]\">\n<div class=\"markdown prose w-full break-words dark:prose-invert light\">\n<p><strong>Bello T\u00f8rket Melorm \u2013 Energi og N\u00e6ring for Tropiske Fugler, Utefugler, Sm\u00e5dyr og Reptiler<\/strong><\/p>\n<p>Bello T\u00f8rket Melorm er et n\u00e6ringsrikt tilleggsf\u00f4r laget av larvene til melormbille, ogs\u00e5 kjent som Tenebrio molitor. Dette f\u00f4ret er spesielt godt egnet for tropefugler og insektetende utefugler, men passer ogs\u00e5 perfekt som snacks for sm\u00e5dyr som hamstere, rotter og insekts-spisende reptiler.<\/p>\n<h3>N\u00f8kkelfordeler for Tropiske Fugler og Utefugler:<\/h3>\n<ul>\n<li><strong>H\u00f8y-proteinrik n\u00e6ring<\/strong>: Med et imponerende proteininnhold p\u00e5 55 %, gir Bello T\u00f8rket Melorm den energien fuglene trenger for \u00e5 holde seg aktive og sunne. Det er spesielt gunstig for fr\u00f8- og insektetende fugler som krever ekstra protein for \u00e5 st\u00f8tte vekst, fj\u00e6rdrakt og hekkesesong.<\/li>\n<li><strong>Allsidig f\u00f4ringsmetode<\/strong>: Melormen kan mates b\u00e5de p\u00e5 bakken og i spesialtilpassede matere. Uansett metode vil fuglene f\u00e5 lett tilgang til denne delikatessen, og det vil bidra til \u00e5 holde dem i omr\u00e5det ved regelmessig mating.<\/li>\n<li><strong>Insekt-basert f\u00f4r<\/strong>: Bello T\u00f8rket Melorm er naturlig rik p\u00e5 vitaminer, aminosyrer og fett, noe som gir en balansert diett for fugler som trenger mer enn bare fr\u00f8 i kostholdet sitt. Med 29 % fett er det en energikilde som gir varig metthet og styrke.<\/li>\n<li><strong>Oppretthold trygg f\u00f4ringsplass<\/strong>: Fuglene vil naturlig holde seg i n\u00e6rheten av f\u00f4ringsstedene. S\u00f8rg for at plassene er rolige, trygge og rene for \u00e5 tiltrekke flere fuglearter over tid.<\/li>\n<\/ul>\n<h3>For sm\u00e5dyr og reptiler:<\/h3>\n<ul>\n<li><strong>Naturlig snacks<\/strong>: Sm\u00e5dyr som hamster og rotter elsker den spr\u00f8 teksturen av t\u00f8rket melorm, og det gir en fin variasjon til deres vanlige kosthold. Den naturlige protein- og fettkilden bidrar til sunn vekst og energi.<\/li>\n<li><strong>Essensielt for reptiler<\/strong>: Reptiler som spiser insekter vil finne Bello T\u00f8rket Melorm spesielt smakfullt. Den tilf\u00f8rer essensielle n\u00e6ringsstoffer og aminosyrer som st\u00f8tter deres helhetlige helse.<\/li>\n<\/ul>\n<h3>Sammensetning i pose:<\/h3>\n<ul>\n<li><strong>Protein<\/strong>: 55 %<\/li>\n<li><strong>Fiber<\/strong>: 6 %<\/li>\n<li><strong>Fettinnhold<\/strong>: 29 %<\/li>\n<li><strong>Aske<\/strong>: 3,5 %<\/li>\n<li><strong>Fuktighet<\/strong>: 5,5 %<\/li>\n<\/ul>\n<ul style=\"box-sizing: border-box; margin-top: 0px; margin-bottom: 1rem; list-style-type: none; padding-left: 20px; color: rgb(33, 37, 41); font-family: &quot;Source Sans Pro&quot;, -apple-system, BlinkMacSystemFont, &quot;Segoe UI&quot;, Roboto, &quot;Helvetica Neue&quot;, Arial, sans-serif, &quot;Apple Color Emoji&quot;, &quot;Segoe UI Emoji&quot;, &quot;Segoe UI Symbol&quot;; font-size: 16px; font-style: normal; font-variant-ligatures: normal; font-variant-caps: normal; font-weight: 400; letter-spacing: normal; orphans: 2; text-align: left; text-indent: 0px; text-transform: none; widows: 2; word-spacing: 0px; -webkit-text-stroke-width: 0px; white-space: normal; background-color: rgb(255, 255, 255); text-decoration-thickness: initial; text-decoration-style: initial; text-decoration-color: initial;\"><\/ul>\n<\/p>\n<h3 style=\"box-sizing: border-box; margin-top: 0px; margin-bottom: 0.5rem; font-family: &quot;Source Sans Pro&quot;, -apple-system, BlinkMacSystemFont, &quot;Segoe UI&quot;, Roboto, &quot;Helvetica Neue&quot;, Arial, sans-serif, &quot;Apple Color Emoji&quot;, &quot;Segoe UI Emoji&quot;, &quot;Segoe UI Symbol&quot;; font-weight: 500; line-height: 1.2; color: rgb(33, 37, 41); font-size: 1.75rem; font-style: normal; font-variant-ligatures: normal; font-variant-caps: normal; letter-spacing: normal; orphans: 2; text-align: left; text-indent: 0px; text-transform: none; widows: 2; word-spacing: 0px; -webkit-text-stroke-width: 0px; white-space: normal; background-color: rgb(255, 255, 255); text-decoration-thickness: initial; text-decoration-style: initial; text-decoration-color: initial;\">Sammensetning i b\u00f8tte:<\/h3>\n<p style=\"box-sizing: border-box; margin-top: 0px; margin-bottom: 0.5rem; line-height: 1.2; orphans: 2; text-align: left; text-indent: 0px; widows: 2; background-color: rgb(255, 255, 255); text-decoration-thickness: initial; text-decoration-style: initial; text-decoration-color: initial;\"><\/p>\n<ul>\n<li style=\"box-sizing: border-box; margin-top: 0px; margin-bottom: 0.5rem; line-height: 1.2; orphans: 2; text-align: left; text-indent: 0px; widows: 2; background-color: rgb(255, 255, 255); text-decoration-thickness: initial; text-decoration-style: initial; text-decoration-color: initial;\">T\u00f8rrstoff 99,17 %<br \/><span style=\"font-size: 1rem;\">r\u00e5protein 50,2 %<br \/>r\u00e5fett 30,8 %<br \/>r\u00e5aske 2,9 %<br \/>plantefiber 6,1 %<\/span><\/li>\n<\/ul>\n<p style=\"box-sizing: border-box; margin-top: 0px; margin-bottom: 0.5rem; line-height: 1.2; orphans: 2; text-align: left; text-indent: 0px; widows: 2; background-color: rgb(255, 255, 255); text-decoration-thickness: initial; text-decoration-style: initial; text-decoration-color: initial;\"><span style=\"font-size: 1rem;\"><br \/><\/span><span style=\"color: inherit; font-family: inherit; font-size: 1.75rem;\">Anbefalt bruk:<\/span><\/p>\n<p>Gi fuglene fri tilgang til f\u00f4ret gjennom hele \u00e5ret for \u00e5 sikre at de alltid har en p\u00e5litelig matkilde, spesielt under hekkesesongen. Pass p\u00e5 \u00e5 rengj\u00f8re f\u00f4ringsplassene regelmessig for \u00e5 opprettholde et trygt milj\u00f8.<\/p>\n<p>Bello T\u00f8rket Melorm er et allsidig og n\u00e6ringsrikt tilskudd til kostholdet for b\u00e5de fugler, sm\u00e5dyr og reptiler<\/p>\n<\/div>\n<\/div>\n<\/div>\n<\/div>\n<p><\/p>\n","protected":false},"excerpt":{"rendered":"<h3>Bello t\u00f8rket melorm.<\/h3>\n<p><em>Melorm<\/em>&nbsp;er larvene til melormbille, Tenebrio molitor, ogs\u00e5 kalt m\u00f8rkbille eller tenebriobille.<\/p>\n<ul>\n<li>200gr<\/li>\n<li>Naturlig proteinkilde som st\u00f8tter dyr og fuglers helse.<\/li>\n<li>N\u00e6ringsrik og energirik delikatesse for ville fugler.<\/li>\n<li>T\u00f8rket melorm er ogs\u00e5 fint som tilleggs-f\u00f2r eller snacks for hamster, rotter og andre sm\u00e5dyr eller reptiler som spiser insekter, samt tropefugl og fr\u00f8 insektetende utefugler<\/li>\n<li>Insekt-produkter er en ideell komponent for dyref\u00f4r p\u00e5 grunn av det energiske innholdet av protein, vitamin og aminosyrer.<\/li>\n<\/ul>","protected":false},"featured_media":1778,"template":"","meta":{"content-type":"","_uf_show_specific_survey":0,"_uf_disable_surveys":false,"_monsterinsights_skip_tracking":false,"_monsterinsights_sitenote_active":false,"_monsterinsights_sitenote_note":"","_monsterinsights_sitenote_category":0},"pwb-brand":[72],"product_brand":[],"product_cat":[76,70,69,246,73,87,193,196,86,199,195,77,197,23,22,25],"product_tag":[190,183,189,174],"class_list":{"0":"post-1207","1":"product","2":"type-product","3":"status-publish","4":"has-post-thumbnail","6":"pwb-brand-bello","7":"product_cat-dyr-som-hobby","8":"product_cat-fugl","9":"product_cat-fugl-som-hobby","10":"product_cat-fuglemat-til-undulater-papeg-yer-og-burfugler","11":"product_cat-fuglesnacks","12":"product_cat-godbit-og-snacks","13":"product_cat-hamsterfor","14":"product_cat-mat-og-kosttilskudd","15":"product_cat-mat-dyr","16":"product_cat-melorm","17":"product_cat-reptil","18":"product_cat-smadyr","19":"product_cat-kosttilskudd-reptil","20":"product_cat-utefugl","21":"product_cat-utefugl-dyr","22":"product_cat-utefugl-mat","23":"product_tag-reptilf-or-og-reptilmat","24":"product_tag-snacks-gnagersnacks-til-kanin-hamster-og-marsvin","25":"product_tag-sunn-snacks","26":"product_tag-utefuglmat-og-fugletilbeh-r","28":"first","29":"instock","30":"taxable","31":"shipping-taxable","32":"purchasable","33":"product-type-simple"},"exclude_global_add_ons":[],"addons":[],"brands":[{"id":72,"name":"Bello","slug":"bello"}],"_links":{"self":[{"href":"https:\/\/utefugl.no\/en\/wp-json\/wp\/v2\/product\/1207","targetHints":{"allow":["GET"]}}],"collection":[{"href":"https:\/\/utefugl.no\/en\/wp-json\/wp\/v2\/product"}],"about":[{"href":"https:\/\/utefugl.no\/en\/wp-json\/wp\/v2\/types\/product"}],"version-history":[{"count":0,"href":"https:\/\/utefugl.no\/en\/wp-json\/wp\/v2\/product\/1207\/revisions"}],"wp:featuredmedia":[{"embeddable":true,"href":"https:\/\/utefugl.no\/en\/wp-json\/wp\/v2\/media\/1778"}],"wp:attachment":[{"href":"https:\/\/utefugl.no\/en\/wp-json\/wp\/v2\/media?parent=1207"}],"wp:term":[{"taxonomy":"pwb-brand","embeddable":true,"href":"https:\/\/utefugl.no\/en\/wp-json\/wp\/v2\/pwb-brand?post=1207"},{"taxonomy":"product_brand","embeddable":true,"href":"https:\/\/utefugl.no\/en\/wp-json\/wp\/v2\/product_brand?post=1207"},{"taxonomy":"product_cat","embeddable":true,"href":"https:\/\/utefugl.no\/en\/wp-json\/wp\/v2\/product_cat?post=1207"},{"taxonomy":"product_tag","embeddable":true,"href":"https:\/\/utefugl.no\/en\/wp-json\/wp\/v2\/product_tag?post=1207"}],"curies":[{"name":"wp","href":"https:\/\/api.w.org\/{rel}","templated":true}]}}