{"id":1198,"date":"2025-09-20T10:43:10","date_gmt":"2025-09-20T08:43:10","guid":{"rendered":"https:\/\/utefugl.no\/produkt\/trixie-matstasjon-for-peanottsmor-meisebolle\/"},"modified":"2025-09-20T10:43:15","modified_gmt":"2025-09-20T08:43:15","slug":"trixie-matstasjon-for-peanottsmor-meisebolle","status":"publish","type":"product","link":"https:\/\/utefugl.no\/en\/product\/trixie-matstasjon-for-peanottsmor-meisebolle\/","title":{"rendered":"Trixie Matstasjon for pean\u00f8ttsm\u00f8r-meisebolle"},"content":{"rendered":"<h2>Trixie Matstasjon for pean\u00f8ttsm\u00f8r-meisebolle<\/h2>","protected":false},"excerpt":{"rendered":"<h3>Trixie Matstasjon for pean\u00f8ttsm\u00f8r-meisebolle<\/h3>\n<ul>\n<li>L:13 x B:15 x H:15 cm<\/li>\n<li>\u00d87,5 cm hull til pean\u00f8ttsm\u00f8r eller store meiseboller<\/li>\n<li>Laget i lasert Furu<\/li>\n<\/ul>","protected":false},"featured_media":1205,"template":"","meta":{"content-type":"","_uf_show_specific_survey":0,"_uf_disable_surveys":false,"_monsterinsights_skip_tracking":false,"_monsterinsights_sitenote_active":false,"_monsterinsights_sitenote_note":"","_monsterinsights_sitenote_category":0},"pwb-brand":[92],"product_brand":[],"product_cat":[178,22,23],"product_tag":[38],"class_list":{"0":"post-1198","1":"product","2":"type-product","3":"status-publish","4":"has-post-thumbnail","6":"pwb-brand-trixie","7":"product_cat-utefuglskaler-og-automater","8":"product_cat-utefugl-dyr","9":"product_cat-utefugl","10":"product_tag-villfugl","12":"first","13":"instock","14":"taxable","15":"shipping-taxable","16":"purchasable","17":"product-type-simple"},"exclude_global_add_ons":[],"addons":[],"brands":[{"id":92,"name":"Trixie","slug":"trixie"}],"_links":{"self":[{"href":"https:\/\/utefugl.no\/en\/wp-json\/wp\/v2\/product\/1198","targetHints":{"allow":["GET"]}}],"collection":[{"href":"https:\/\/utefugl.no\/en\/wp-json\/wp\/v2\/product"}],"about":[{"href":"https:\/\/utefugl.no\/en\/wp-json\/wp\/v2\/types\/product"}],"version-history":[{"count":0,"href":"https:\/\/utefugl.no\/en\/wp-json\/wp\/v2\/product\/1198\/revisions"}],"wp:featuredmedia":[{"embeddable":true,"href":"https:\/\/utefugl.no\/en\/wp-json\/wp\/v2\/media\/1205"}],"wp:attachment":[{"href":"https:\/\/utefugl.no\/en\/wp-json\/wp\/v2\/media?parent=1198"}],"wp:term":[{"taxonomy":"pwb-brand","embeddable":true,"href":"https:\/\/utefugl.no\/en\/wp-json\/wp\/v2\/pwb-brand?post=1198"},{"taxonomy":"product_brand","embeddable":true,"href":"https:\/\/utefugl.no\/en\/wp-json\/wp\/v2\/product_brand?post=1198"},{"taxonomy":"product_cat","embeddable":true,"href":"https:\/\/utefugl.no\/en\/wp-json\/wp\/v2\/product_cat?post=1198"},{"taxonomy":"product_tag","embeddable":true,"href":"https:\/\/utefugl.no\/en\/wp-json\/wp\/v2\/product_tag?post=1198"}],"curies":[{"name":"wp","href":"https:\/\/api.w.org\/{rel}","templated":true}]}}