{"id":1129,"date":"2025-09-20T10:02:20","date_gmt":"2025-09-20T08:02:20","guid":{"rendered":"https:\/\/utefugl.no\/produkt\/fuglehus-gra\/"},"modified":"2025-10-22T12:34:13","modified_gmt":"2025-10-22T10:34:13","slug":"fuglehus-gra","status":"publish","type":"product","link":"https:\/\/utefugl.no\/en\/product\/fuglehus-gra\/","title":{"rendered":"Birdhouse gray"},"content":{"rendered":"<h2>Birdhouse gray<\/h2>\n<p><\/p>","protected":false},"excerpt":{"rendered":"<h3>Birdhouse gray<\/h3>\n<p>Fuglehuset egner seg til solsikkefr\u00f8, men andre fr\u00f8blandinger til fugler kan ogs\u00e5 brukes. Materen er utformet slik at fuglene ikke kan sitte i maten, noe som gj\u00f8r den hygienisk og reduserer risikoen for sykdommer.<\/p>\n<ul>\n<li>Beiset fuglehus for utefugler<\/li>\n<li>Taket er l\u00f8st, s\u00e5 man fyller enkelt p\u00e5 med fulgefr\u00f8<\/li>\n<li>H13xL26xB21cm<\/li>\n<\/ul>","protected":false},"featured_media":1698,"template":"","meta":{"content-type":"","_uf_show_specific_survey":0,"_uf_disable_surveys":false,"_monsterinsights_skip_tracking":false,"_monsterinsights_sitenote_active":false,"_monsterinsights_sitenote_note":"","_monsterinsights_sitenote_category":0},"pwb-brand":[101],"product_brand":[],"product_cat":[39,22,23],"product_tag":[174],"class_list":{"0":"post-1129","1":"product","2":"type-product","3":"status-publish","4":"has-post-thumbnail","6":"pwb-brand-ozami","7":"product_cat-utefuglhus","8":"product_cat-utefugl-dyr","9":"product_cat-utefugl","10":"product_tag-utefuglmat-og-fugletilbeh-r","12":"first","13":"instock","14":"taxable","15":"shipping-taxable","16":"purchasable","17":"product-type-variable","18":"has-default-attributes"},"exclude_global_add_ons":[],"addons":[],"brands":[{"id":101,"name":"Ozami","slug":"ozami"}],"_links":{"self":[{"href":"https:\/\/utefugl.no\/en\/wp-json\/wp\/v2\/product\/1129","targetHints":{"allow":["GET"]}}],"collection":[{"href":"https:\/\/utefugl.no\/en\/wp-json\/wp\/v2\/product"}],"about":[{"href":"https:\/\/utefugl.no\/en\/wp-json\/wp\/v2\/types\/product"}],"version-history":[{"count":2,"href":"https:\/\/utefugl.no\/en\/wp-json\/wp\/v2\/product\/1129\/revisions"}],"predecessor-version":[{"id":1694,"href":"https:\/\/utefugl.no\/en\/wp-json\/wp\/v2\/product\/1129\/revisions\/1694"}],"wp:featuredmedia":[{"embeddable":true,"href":"https:\/\/utefugl.no\/en\/wp-json\/wp\/v2\/media\/1698"}],"wp:attachment":[{"href":"https:\/\/utefugl.no\/en\/wp-json\/wp\/v2\/media?parent=1129"}],"wp:term":[{"taxonomy":"pwb-brand","embeddable":true,"href":"https:\/\/utefugl.no\/en\/wp-json\/wp\/v2\/pwb-brand?post=1129"},{"taxonomy":"product_brand","embeddable":true,"href":"https:\/\/utefugl.no\/en\/wp-json\/wp\/v2\/product_brand?post=1129"},{"taxonomy":"product_cat","embeddable":true,"href":"https:\/\/utefugl.no\/en\/wp-json\/wp\/v2\/product_cat?post=1129"},{"taxonomy":"product_tag","embeddable":true,"href":"https:\/\/utefugl.no\/en\/wp-json\/wp\/v2\/product_tag?post=1129"}],"curies":[{"name":"wp","href":"https:\/\/api.w.org\/{rel}","templated":true}]}}