{"id":105,"date":"2020-02-22T18:12:34","date_gmt":"2020-02-22T17:12:34","guid":{"rendered":"https:\/\/utefugl.no\/product\/natura-fuglforhus-med-stander-46-x-22-x-44-cm-1-15-m\/"},"modified":"2024-03-09T11:22:57","modified_gmt":"2024-03-09T10:22:57","slug":"natura-fuglforhus-med-stander-46-x-22-x-44-cm-1-15-m","status":"publish","type":"product","link":"https:\/\/utefugl.no\/en\/product\/natura-fuglforhus-med-stander-46-x-22-x-44-cm-1-15-m\/","title":{"rendered":"Natura fuglf\u00f4rhus med stander. 46 \u00d7 22 \u00d7 44 cm\/1.15 m"},"content":{"rendered":"","protected":false},"excerpt":{"rendered":"<p>Natura fuglf\u00f4rhus med stander. 46 \u00d7 22 \u00d7 44 cm\/1.15 m skaper rene og trygge f\u00f4ringssteder som ville fugler vil elske hele \u00e5ret, og dette gir deg muligheten til \u00e5 se dem mate.<\/p>","protected":false},"featured_media":104,"template":"","meta":{"content-type":"","_uf_show_specific_survey":0,"_uf_disable_surveys":false,"_monsterinsights_skip_tracking":false,"_monsterinsights_sitenote_active":false,"_monsterinsights_sitenote_note":"","_monsterinsights_sitenote_category":0},"pwb-brand":[],"product_brand":[],"product_cat":[23],"product_tag":[38],"class_list":{"0":"post-105","1":"product","2":"type-product","3":"status-publish","4":"has-post-thumbnail","6":"product_cat-utefugl","7":"product_tag-villfugl","9":"first","10":"instock","11":"taxable","12":"shipping-taxable","13":"purchasable","14":"product-type-simple"},"exclude_global_add_ons":[],"addons":[],"brands":[],"_links":{"self":[{"href":"https:\/\/utefugl.no\/en\/wp-json\/wp\/v2\/product\/105","targetHints":{"allow":["GET"]}}],"collection":[{"href":"https:\/\/utefugl.no\/en\/wp-json\/wp\/v2\/product"}],"about":[{"href":"https:\/\/utefugl.no\/en\/wp-json\/wp\/v2\/types\/product"}],"version-history":[{"count":0,"href":"https:\/\/utefugl.no\/en\/wp-json\/wp\/v2\/product\/105\/revisions"}],"wp:featuredmedia":[{"embeddable":true,"href":"https:\/\/utefugl.no\/en\/wp-json\/wp\/v2\/media\/104"}],"wp:attachment":[{"href":"https:\/\/utefugl.no\/en\/wp-json\/wp\/v2\/media?parent=105"}],"wp:term":[{"taxonomy":"pwb-brand","embeddable":true,"href":"https:\/\/utefugl.no\/en\/wp-json\/wp\/v2\/pwb-brand?post=105"},{"taxonomy":"product_brand","embeddable":true,"href":"https:\/\/utefugl.no\/en\/wp-json\/wp\/v2\/product_brand?post=105"},{"taxonomy":"product_cat","embeddable":true,"href":"https:\/\/utefugl.no\/en\/wp-json\/wp\/v2\/product_cat?post=105"},{"taxonomy":"product_tag","embeddable":true,"href":"https:\/\/utefugl.no\/en\/wp-json\/wp\/v2\/product_tag?post=105"}],"curies":[{"name":"wp","href":"https:\/\/api.w.org\/{rel}","templated":true}]}}