{"id":2564,"date":"2026-03-19T20:52:18","date_gmt":"2026-03-19T19:52:18","guid":{"rendered":"https:\/\/utefugl.no\/?page_id=2564"},"modified":"2026-03-19T21:05:20","modified_gmt":"2026-03-19T20:05:20","slug":"retur-og-refusjon","status":"publish","type":"page","link":"https:\/\/utefugl.no\/en\/retur-og-refusjon\/","title":{"rendered":"Retur og refusjon"},"content":{"rendered":"<div data-elementor-type=\"wp-page\" data-elementor-id=\"2564\" class=\"elementor elementor-2564\" data-elementor-post-type=\"page\">\n\t\t\t\t<div class=\"elementor-element elementor-element-822f66b e-flex e-con-boxed e-con e-parent\" data-id=\"822f66b\" data-element_type=\"container\" data-e-type=\"container\">\n\t\t\t\t\t<div class=\"e-con-inner\">\n\t\t\t\t<div class=\"elementor-element elementor-element-c10cc48 elementor-widget elementor-widget-text-editor\" data-id=\"c10cc48\" data-element_type=\"widget\" data-e-type=\"widget\" data-widget_type=\"text-editor.default\">\n\t\t\t\t<div class=\"elementor-widget-container\">\n\t\t\t\t\t\t\t\t\t<h3 style=\"box-sizing: inherit; color: #4a4a4a;\"><span style=\"box-sizing: inherit; font-weight: var(--ignition-font-weight-bold);\">RETURSKJEMA-BESTILLING AV RETURFRAKT<\/span><\/h3><h4 style=\"box-sizing: inherit; color: #4a4a4a; font-family: 'Nunito Sans', sans-serif;\"><span style=\"box-sizing: inherit; font-weight: var(--ignition-font-weight-bold);\">1.<\/span>\u00a0Fyll ut skjema p\u00e5 denne siden og send det til oss.\u00a0<\/h4><h4 style=\"box-sizing: inherit; color: #4a4a4a; font-family: 'Nunito Sans', sans-serif;\"><span style=\"box-sizing: inherit; font-weight: var(--ignition-font-weight-bold);\">2.<\/span>\u00a0N\u00e5r du har fylt ut skjemaet og bruker returfrakt etikett laget p\u00e5 denne siden klarer vi \u00e5 identifisere pakken din n\u00e5r den kommer\u00a0<br \/><strong>\u00a0 \u00a0 i<span style=\"background-color: var(--ignition-body-background-color); letter-spacing: 0em;\">\u00a0retur.\u00a0<\/span><\/strong><\/h4><h4 style=\"box-sizing: inherit; color: #4a4a4a; font-family: 'Nunito Sans', sans-serif;\"><span style=\"font-weight: var( --e-global-typography-text-font-weight ); background-color: var(--ignition-body-background-color); letter-spacing: 0em;\">Bruk gjerne emballasjen varene ble levert i.<br \/>Du kan ogs\u00e5 returnere produktet i v\u00e5r butikk p\u00e5 Lade Arena i Trondheim, dette er kostnadsfritt for deg.<br \/><\/span><\/h4>\t\t\t\t\t\t\t\t<\/div>\n\t\t\t\t<\/div>\n\t\t\t\t<div class=\"elementor-element elementor-element-088da67 elementor-widget elementor-widget-heading\" data-id=\"088da67\" data-element_type=\"widget\" data-e-type=\"widget\" data-widget_type=\"heading.default\">\n\t\t\t\t<div class=\"elementor-widget-container\">\n\t\t\t\t\t<h2 class=\"elementor-heading-title elementor-size-default\">ANGRE-RETURSKJEMA - Fyll ut med blokkbokstaver<\/h2>\t\t\t\t<\/div>\n\t\t\t\t<\/div>\n\t\t\t\t<div class=\"elementor-element elementor-element-02cc163 elementor-widget elementor-widget-shortcode\" data-id=\"02cc163\" data-element_type=\"widget\" data-e-type=\"widget\" data-widget_type=\"shortcode.default\">\n\t\t\t\t<div class=\"elementor-widget-container\">\n\t\t\t\t\t\t\t<div class=\"elementor-shortcode\">\n\t\t\t\t\t\t<script>\n\t\t\t\t\t\t\twindow.hsFormsOnReady = window.hsFormsOnReady || [];\n\t\t\t\t\t\t\twindow.hsFormsOnReady.push(()=>{\n\t\t\t\t\t\t\t\thbspt.forms.create({\n\t\t\t\t\t\t\t\t\tportalId: 7790553,\n\t\t\t\t\t\t\t\t\tformId: \"d7b304bc-e5a4-4dd2-aae5-1e6389edcfb4\",\n\t\t\t\t\t\t\t\t\ttarget: \"#hbspt-form-1775774567000-7758103696\",\n\t\t\t\t\t\t\t\t\tregion: \"na1\",\n\t\t\t\t\t\t\t\t\t\n\t\t\t\t\t\t\t})});\n\t\t\t\t\t\t<\/script>\n\t\t\t\t\t\t<div class=\"hbspt-form\" id=\"hbspt-form-1775774567000-7758103696\"><\/div><\/div>\n\t\t\t\t\t\t<\/div>\n\t\t\t\t<\/div>\n\t\t\t\t<div class=\"elementor-element elementor-element-0c5741a elementor-widget elementor-widget-text-editor\" data-id=\"0c5741a\" data-element_type=\"widget\" data-e-type=\"widget\" data-widget_type=\"text-editor.default\">\n\t\t\t\t<div class=\"elementor-widget-container\">\n\t\t\t\t\t\t\t\t\t<h4 style=\"box-sizing: inherit; color: #4a4a4a; font-family: 'Nunito Sans', sans-serif;\"><span style=\"box-sizing: inherit; font-weight: var(--ignition-font-weight-bold);\">3.<\/span>\u00a0Dersom du angrer p\u00e5 kj\u00f8pet st\u00e5r du selv for alle kostnader knyttet til frakt for returen. Er det reklamasjon dekker vi kostnadene med retur<br \/><a href=\"https:\/\/return.shipmondo.com\/utefugl\" target=\"_blank\" rel=\"noopener\"><img decoding=\"async\" class=\"aligncenter wp-image-6806\" src=\"https:\/\/akvaristikk.no\/wp-content\/uploads\/sites\/2\/2021\/07\/1280px-PostNord.svg-300x57.png\" alt=\"\" width=\"147\" height=\"28\" \/><\/a><\/h4>\t\t\t\t\t\t\t\t<\/div>\n\t\t\t\t<\/div>\n\t\t\t\t<div class=\"elementor-element elementor-element-603236f elementor-align-center elementor-widget elementor-widget-button\" data-id=\"603236f\" data-element_type=\"widget\" data-e-type=\"widget\" data-widget_type=\"button.default\">\n\t\t\t\t<div class=\"elementor-widget-container\">\n\t\t\t\t\t\t\t\t\t<div class=\"elementor-button-wrapper\">\n\t\t\t\t\t<a class=\"elementor-button elementor-button-link elementor-size-sm\" href=\"https:\/\/return.shipmondo.com\/utefugl\" target=\"_blank\" rel=\"noopener\">\n\t\t\t\t\t\t<span class=\"elementor-button-content-wrapper\">\n\t\t\t\t\t\t\t\t\t<span class=\"elementor-button-text\">Bestill returfrakt her<\/span>\n\t\t\t\t\t<\/span>\n\t\t\t\t\t<\/a>\n\t\t\t\t<\/div>\n\t\t\t\t\t\t\t\t<\/div>\n\t\t\t\t<\/div>\n\t\t\t\t<div class=\"elementor-element elementor-element-68f9841 elementor-widget elementor-widget-text-editor\" data-id=\"68f9841\" data-element_type=\"widget\" data-e-type=\"widget\" data-widget_type=\"text-editor.default\">\n\t\t\t\t<div class=\"elementor-widget-container\">\n\t\t\t\t\t\t\t\t\t<h4 style=\"box-sizing: inherit; color: #4a4a4a; font-family: 'Nunito Sans', sans-serif;\">For at det skal v\u00e6re s\u00e5 enkelt som mulig for deg s\u00e5 legger vi ut for returfrakt, og trekker det ifra tilbakebetalingen til deg.<\/h4><h4 style=\"box-sizing: inherit; color: #4a4a4a; font-family: 'Nunito Sans', sans-serif;\">Vi sender en bekreftelse s\u00e5 fort vi har mottatt returen. Pengene refunderes der du valgte \u00e5 betale, PayPal, Klarna, Dintero, Nets eller til Vipps.<\/h4><h4 style=\"box-sizing: inherit; color: #4a4a4a; font-family: 'Nunito Sans', sans-serif;\">Vi sender en bekreftelse s\u00e5 fort vi har mottatt returen, vanligvis i l\u00f8pet av 7-10 virkedager.<\/h4><h1 style=\"box-sizing: inherit; color: #4a4a4a;\"><strong><span style=\"box-sizing: inherit;\">VILK\u00c5R<\/span><\/strong><\/h1><h4 style=\"box-sizing: inherit; color: #4a4a4a; font-family: 'Nunito Sans', sans-serif;\">For \u00e5 f\u00e5 tilbakebetalt hele bel\u00f8pet ved retur\/angrerett, skal varen returneres i samme stand som da du mottok den. Varen m\u00e5 v\u00e6re i originalemballasjen og med eventuelle merkelapper p\u00e5. Dersom originalemballasjen er \u00f8delagt vil varen anses som brukt og vi vil ikke refundere hele bel\u00f8pet.<\/h4><h4 style=\"box-sizing: inherit; color: #4a4a4a; font-family: 'Nunito Sans', sans-serif;\">Du trenger ikke fylle ut noe skjema for retur etter angrefristloven, det holder at du har returnert varen til oss innen 14 dager og fyller ut skjema under her.<br style=\"box-sizing: inherit;\" \/>Varer som er skadet av transport\u00f8r m\u00e5 varsles transport\u00f8r samme dag som varen er mottatt. <strong>Varsle skriftlig da vi ikke f\u00e5r dekt kostnadene fra transport\u00f8r derom vi ikke kan dokumentere at du har varslet skaden.<\/strong><\/h4>\t\t\t\t\t\t\t\t<\/div>\n\t\t\t\t<\/div>\n\t\t\t\t<div class=\"elementor-element elementor-element-23c026e elementor-widget elementor-widget-text-editor\" data-id=\"23c026e\" data-element_type=\"widget\" data-e-type=\"widget\" data-widget_type=\"text-editor.default\">\n\t\t\t\t<div class=\"elementor-widget-container\">\n\t\t\t\t\t\t\t\t\t<h3 style=\"box-sizing: inherit; color: #4a4a4a;\">TRENGER DU MER HJELP?<\/h3><h4>Bruk gjerne &#8220;chatteboblen&#8221; nede i hj\u00f8rnet p\u00e5 denne siden, s\u00e5 svarer vi s\u00e5 fort vi rekker p\u00e5 det du m\u00e5tte trenge v\u00e5r hjelp til.<\/h4><h4>Takk for at du er kunde hos oss.<\/h4>\t\t\t\t\t\t\t\t<\/div>\n\t\t\t\t<\/div>\n\t\t\t\t\t<\/div>\n\t\t\t\t<\/div>\n\t\t\t\t<\/div>","protected":false},"excerpt":{"rendered":"<p>RETURSKJEMA-BESTILLING AV RETURFRAKT 1.\u00a0Fyll ut skjema p\u00e5 denne siden og send det til oss.\u00a0 2.\u00a0N\u00e5r du har fylt ut skjemaet og bruker returfrakt etikett laget p\u00e5 denne siden klarer vi \u00e5 identifisere pakken din n\u00e5r den kommer\u00a0\u00a0 \u00a0 i\u00a0retur.\u00a0 Bruk gjerne emballasjen varene ble levert i.Du kan ogs\u00e5 returnere produktet i v\u00e5r butikk p\u00e5 Lade [&hellip;]<\/p>\n","protected":false},"author":2,"featured_media":0,"parent":0,"menu_order":0,"comment_status":"closed","ping_status":"closed","template":"","meta":{"content-type":"","_uf_show_specific_survey":0,"_uf_disable_surveys":false,"_monsterinsights_skip_tracking":false,"_monsterinsights_sitenote_active":false,"_monsterinsights_sitenote_note":"","_monsterinsights_sitenote_category":0,"footnotes":""},"class_list":["post-2564","page","type-page","status-publish","hentry"],"_links":{"self":[{"href":"https:\/\/utefugl.no\/en\/wp-json\/wp\/v2\/pages\/2564","targetHints":{"allow":["GET"]}}],"collection":[{"href":"https:\/\/utefugl.no\/en\/wp-json\/wp\/v2\/pages"}],"about":[{"href":"https:\/\/utefugl.no\/en\/wp-json\/wp\/v2\/types\/page"}],"author":[{"embeddable":true,"href":"https:\/\/utefugl.no\/en\/wp-json\/wp\/v2\/users\/2"}],"replies":[{"embeddable":true,"href":"https:\/\/utefugl.no\/en\/wp-json\/wp\/v2\/comments?post=2564"}],"version-history":[{"count":7,"href":"https:\/\/utefugl.no\/en\/wp-json\/wp\/v2\/pages\/2564\/revisions"}],"predecessor-version":[{"id":2571,"href":"https:\/\/utefugl.no\/en\/wp-json\/wp\/v2\/pages\/2564\/revisions\/2571"}],"wp:attachment":[{"href":"https:\/\/utefugl.no\/en\/wp-json\/wp\/v2\/media?parent=2564"}],"curies":[{"name":"wp","href":"https:\/\/api.w.org\/{rel}","templated":true}]}}